{"id":2190,"date":"2025-12-01T10:22:43","date_gmt":"2025-12-01T09:22:43","guid":{"rendered":"https:\/\/culebracigars.ch\/?post_type=product&#038;p=2190"},"modified":"2026-04-20T22:56:46","modified_gmt":"2026-04-20T21:56:46","slug":"el-corte-zigarre-v-schneider","status":"publish","type":"product","link":"https:\/\/culebracigars.ch\/ch\/shop\/el-corte-cigar-v-cutter\/","title":{"rendered":"El Corte"},"content":{"rendered":"<h2 data-section-id=\"1w1psv2\" data-start=\"968\" data-end=\"1015\">El Corte: Zigarren-V-Schneider mit integrierter Stanze<\/h2>\n<p data-start=\"1017\" data-end=\"1279\"><strong data-start=\"1017\" data-end=\"1029\">El Corte<\/strong> ist eine <strong data-start=\"1035\" data-end=\"1053\">Zigarren-V-Schneider<\/strong> entworfen f\u00fcr klare Schnitte, Alltagstauglichkeit und einen raffinierten Auftritt. Die mit dem Culebra-Logo verzierte Tasche aus Metall in Rotgussoptik verbindet praktische Funktionalit\u00e4t mit einem unverwechselbaren und dezenten Look.<\/p>\n<p data-start=\"1281\" data-end=\"1494\">Als solides Metallwerkzeug, <strong data-start=\"1304\" data-end=\"1316\">El Corte<\/strong> liegt gut in der Hand und l\u00e4sst sich leichtg\u00e4ngig und ohne unn\u00f6tige Komplexit\u00e4t \u00f6ffnen. Das Ergebnis ist ein Cutter, der sich stabil anf\u00fchlt, gut gebaut ist und vom ersten Schnitt an leicht zu bedienen ist.<\/p>\n<p data-start=\"1496\" data-end=\"1692\">Zus\u00e4tzlich zum V-Cutter, <strong data-start=\"1525\" data-end=\"1537\">El Corte<\/strong> enth\u00e4lt auch einen eingebauten Stempel. Das macht ihn zu einem vielseitigen Zigarrenzubeh\u00f6r f\u00fcr Raucher, die gerne zwei n\u00fctzliche Schneideoptionen in einem kompakten Werkzeug haben.<\/p>\n<p data-start=\"1694\" data-end=\"1849\">F\u00fcr alle, die eine <strong data-start=\"1719\" data-end=\"1737\">Zigarren-V-Schneider<\/strong> die sich zuverl\u00e4ssig anf\u00fchlt und visuell mit dem Culebra-Stil \u00fcbereinstimmt, <strong data-start=\"1808\" data-end=\"1820\">El Corte<\/strong> ist eine gute Wahl f\u00fcr den Alltag.<\/p>\n<h2 data-section-id=\"1fzgyl4\" data-start=\"1851\" data-end=\"1885\">Was El Corte unverwechselbar macht<\/h2>\n<p data-start=\"1887\" data-end=\"2050\">Ein Cutter ist eines der wichtigsten Werkzeuge beim Zigarrenrauchen. Er formt den ersten Zug, beeinflusst den Luftstrom und gibt den Ton f\u00fcr den Rauch an, bevor die Zigarre \u00fcberhaupt angez\u00fcndet wird.<\/p>\n<p data-start=\"2052\" data-end=\"2112\">Deshalb sollte der Cutter nicht wie ein nachtr\u00e4glicher Einfall wirken.<\/p>\n<p data-start=\"2114\" data-end=\"2334\"><strong data-start=\"2114\" data-end=\"2126\">El Corte<\/strong> ist auf dieser einfachen Idee aufgebaut. Er bietet einen sauberen und konsistenten V-Schnitt in einem soliden Metallgeh\u00e4use, w\u00e4hrend der integrierte Stempel f\u00fcr praktischen Komfort sorgt, wenn Sie mehr als eine Option in einem einzigen Zubeh\u00f6rteil w\u00fcnschen.<\/p>\n<p data-start=\"2336\" data-end=\"2578\">Das Design bleibt modern und kontrolliert. Die Seitenwand ist mit einer dunklen Schlangenhautstruktur versehen, die dem Cutter einen unverwechselbaren Look verleiht, ohne aufdringlich zu wirken. Das macht <strong data-start=\"2503\" data-end=\"2515\">El Corte<\/strong> ein praktisches Accessoire, das gerade genug Charakter hat, um aufzufallen.<\/p>\n<h2 data-section-id=\"1yezwa5\" data-start=\"2580\" data-end=\"2619\">V-Schnitt und integriertes Stanzen in einem Werkzeug<\/h2>\n<p data-start=\"2621\" data-end=\"2858\">Die Kernfunktion von <strong data-start=\"2642\" data-end=\"2654\">El Corte<\/strong> ist ihr V-Schneider. Ein V-Schnitt schafft eine keilf\u00f6rmige \u00d6ffnung in der Zigarrenkappe und wird oft von Rauchern gesch\u00e4tzt, die einen etwas fokussierteren Zug und eine konzentriertere Abgabe von Rauch am Gaumen w\u00fcnschen.<\/p>\n<p data-start=\"2860\" data-end=\"3063\">Zur gleichen Zeit, <strong data-start=\"2878\" data-end=\"2890\">El Corte<\/strong> hat auch einen eingebauten Stempel. Das gibt Ihnen ein zus\u00e4tzliches Ma\u00df an Flexibilit\u00e4t, vor allem, wenn Sie je nach Zigarre oder Anlass gerne verschiedene Anschnittarten verwenden.<\/p>\n<p data-start=\"3065\" data-end=\"3129\">Dies macht <strong data-start=\"3076\" data-end=\"3088\">El Corte<\/strong> Zigarren-V-Schneider eine praktische Wahl f\u00fcr Raucher, die wollen:<\/p>\n<ul data-start=\"3131\" data-end=\"3297\">\n<li data-section-id=\"7vhq2g\" data-start=\"3131\" data-end=\"3146\">\n<p data-start=\"3133\" data-end=\"3146\">ein sauberer V-Schnitt<\/p>\n<\/li>\n<li data-section-id=\"1bsyd0l\" data-start=\"3147\" data-end=\"3187\">\n<p data-start=\"3149\" data-end=\"3187\">eine eingebaute Stanze f\u00fcr zus\u00e4tzlichen Komfort<\/p>\n<\/li>\n<li data-section-id=\"rndqea\" data-start=\"3188\" data-end=\"3246\">\n<p data-start=\"3190\" data-end=\"3246\">ein kompaktes Zubeh\u00f6rteil statt mehrerer Werkzeuge<\/p>\n<\/li>\n<li data-section-id=\"1ih7w9l\" data-start=\"3247\" data-end=\"3297\">\n<p data-start=\"3249\" data-end=\"3297\">ein Schneideger\u00e4t, das zu Hause und unterwegs gut funktioniert<\/p>\n<\/li>\n<\/ul>\n<p data-start=\"3299\" data-end=\"3455\">Wenn Sie wissen m\u00f6chten, wann ein V-Schnitt am besten funktioniert, lesen Sie unseren Leitfaden \u00fcber <a class=\"decorated-link\" href=\"https:\/\/culebracigars.ch\/ch\/wie-man-eine-zigarre-anschneidet\/\" target=\"_new\" rel=\"noopener\" data-start=\"3363\" data-end=\"3429\">wie man eine Zigarre anschneidet<\/a> ist der nat\u00fcrliche n\u00e4chste Schritt.<\/p>\n<h2 data-section-id=\"qi7ifq\" data-start=\"3457\" data-end=\"3485\">Material, Verarbeitung und Griffigkeit<\/h2>\n<p data-start=\"3487\" data-end=\"3744\"><strong data-start=\"3487\" data-end=\"3499\">El Corte<\/strong> Zigarren-V-Schneider ist aus Metall gefertigt und in einem dunklen Gunmetal-Stil gehalten, der dem Cutter eine moderne und dezente Pr\u00e4senz verleiht. Die Seitenwand weist eine dunkle Schlangenhauttextur auf, w\u00e4hrend das Culebra-Branding das St\u00fcck visuell mit dem Rest der Kollektion verbindet.<\/p>\n<p data-start=\"3746\" data-end=\"3894\">Diese Kombination verleiht dem Kutter einen raffinierteren Charakter, w\u00e4hrend das Gesamtdesign sauber und praktisch bleibt. Es sieht markant, aber nicht laut aus.<\/p>\n<p data-start=\"3896\" data-end=\"4168\">Ebenso wichtig ist die Haptik im Gebrauch. Eine gute <strong data-start=\"3941\" data-end=\"3959\">Zigarren-V-Schneider<\/strong> sollte bequem in der Hand liegen und einen stabilen Griff bieten. <strong data-start=\"4022\" data-end=\"4034\">El Corte<\/strong> hat sich hier bew\u00e4hrt, denn es f\u00fchlt sich solide an, l\u00e4sst sich leichtg\u00e4ngig \u00f6ffnen und vermittelt ein kontrollierteres Gef\u00fchl bei der Benutzung als ein leichteres oder schw\u00e4cheres Messer.<\/p>\n<h2 data-section-id=\"17f2kys\" data-start=\"4170\" data-end=\"4201\">Gebaut f\u00fcr den allt\u00e4glichen Zigarrengebrauch<\/h2>\n<p data-start=\"4203\" data-end=\"4388\">Eine gute <strong data-start=\"4210\" data-end=\"4228\">Zigarren-V-Schneider<\/strong> sollte gut in der Hand liegen und bei regelm\u00e4\u00dfigem Gebrauch zuverl\u00e4ssig sein. Es sollte sich sauber \u00f6ffnen lassen, entschlossen schneiden und sich so solide anf\u00fchlen, dass man es immer wieder benutzen m\u00f6chte.<\/p>\n<p data-start=\"4390\" data-end=\"4430\">Das ist der Punkt, an dem <strong data-start=\"4404\" data-end=\"4416\">El Corte<\/strong> Zigarren-V-Schneider passt gut hinein.<\/p>\n<p data-start=\"4432\" data-end=\"4725\">Ganz gleich, ob Sie zu Hause eine Zigarre zubereiten, einen Cutter zu einer Veranstaltung mitnehmen oder ihn in einem Reiseetui aufbewahren wollen, <strong data-start=\"4545\" data-end=\"4557\">El Corte <\/strong>ist als unkompliziertes und zuverl\u00e4ssiges Zubeh\u00f6r konzipiert. Der zus\u00e4tzliche Stempel macht es noch praktischer f\u00fcr Raucher, die Flexibilit\u00e4t ohne zus\u00e4tzliches Durcheinander m\u00f6gen.<\/p>\n<p data-start=\"4727\" data-end=\"4822\">Dies ist kein Ausstellungsst\u00fcck, das nur gut aussehen soll. Es ist ein gut gebautes Messer, das f\u00fcr den regelm\u00e4\u00dfigen Gebrauch gemacht ist.<\/p>\n<h2 data-section-id=\"1natb6a\" data-start=\"4824\" data-end=\"4846\">F\u00fcr wen ist El Corte gedacht?<\/h2>\n<p data-start=\"4848\" data-end=\"4906\"><strong data-start=\"4848\" data-end=\"4860\">El Corte<\/strong> eignet sich besonders gut f\u00fcr Menschen, die dies w\u00fcnschen:<\/p>\n<ul data-start=\"4908\" data-end=\"5118\">\n<li data-section-id=\"1tv3xzx\" data-start=\"4908\" data-end=\"4950\">\n<p data-start=\"4910\" data-end=\"4950\">eine saubere und praktische <strong data-start=\"4932\" data-end=\"4950\">Zigarren-V-Schneider<\/strong><\/p>\n<\/li>\n<li data-section-id=\"ubt6t5\" data-start=\"4951\" data-end=\"4991\">\n<p data-start=\"4953\" data-end=\"4991\">eine eingebaute Stanze f\u00fcr zus\u00e4tzliche Flexibilit\u00e4t<\/p>\n<\/li>\n<li data-section-id=\"1bvxsyz\" data-start=\"4992\" data-end=\"5035\">\n<p data-start=\"4994\" data-end=\"5035\">ein Metallschneider mit einem feineren Finish<\/p>\n<\/li>\n<li data-section-id=\"7aaw87\" data-start=\"5036\" data-end=\"5067\">\n<p data-start=\"5038\" data-end=\"5067\">ein bequemer und stabiler Griff<\/p>\n<\/li>\n<li data-section-id=\"1fwenvk\" data-start=\"5068\" data-end=\"5118\">\n<p data-start=\"5070\" data-end=\"5118\">ein Zigarren-Accessoire, das sich auch gut als Geschenk eignet<\/p>\n<\/li>\n<\/ul>\n<p data-start=\"5120\" data-end=\"5361\">Sie eignet sich sowohl f\u00fcr neue Raucher als auch f\u00fcr erfahrene Zigarrenliebhaber. Anf\u00e4ngern bietet er eine praktische M\u00f6glichkeit, den V-Schnitt und den Stanzschnitt zu erkunden. F\u00fcr regelm\u00e4\u00dfige Raucher ist es ein zuverl\u00e4ssiges Accessoire mit einer klaren Designidentit\u00e4t.<\/p>\n<p data-start=\"5363\" data-end=\"5588\">Wenn Sie noch nicht wissen, wie sich die verschiedenen Schnitte auf die Auslosung auswirken, lesen Sie unseren Leitfaden \u00fcber <a class=\"decorated-link\" href=\"https:\/\/culebracigars.ch\/ch\/wie-man-eine-zigarre-anschneidet\/\" target=\"_new\" rel=\"noopener\" data-start=\"5438\" data-end=\"5504\">wie man eine Zigarre anschneidet<\/a> erkl\u00e4rt in einfachen Worten die Unterschiede zwischen Geradschnitt, V-Schnitt und Stanzschnitt.<\/p>\n<h2 data-section-id=\"1e8j38o\" data-start=\"5590\" data-end=\"5618\">Warum ein guter Cutter wichtig ist<\/h2>\n<p data-start=\"5620\" data-end=\"5723\">Eine Zigarre kann gut gelagert und angez\u00fcndet werden, aber wenn der Schnitt schlecht ist, leidet der Zug oft von Anfang an.<\/p>\n<p data-start=\"5725\" data-end=\"5948\">Deshalb ist ein guter Cutter so wichtig. Er beeinflusst den Luftstrom, die Struktur und die allgemeine Leichtigkeit des Rauchens. Ein sauberer Schnitt verleiht der Zigarre einen besseren Start und verringert das Risiko, die Kappe durch Z\u00f6gern oder eine schwache Klinge zu besch\u00e4digen.<\/p>\n<p data-start=\"5950\" data-end=\"6121\">Die<strong data-start=\"5950\" data-end=\"5962\"> El Corte<\/strong> Zigarren-V-Schneider ist auf diese praktische Funktion ausgerichtet. Er bietet einen sauberen V-Schnitt, einen eingebauten Stempel, ein solides Metallgef\u00fchl und ein Design, das ganz nat\u00fcrlich zum regelm\u00e4\u00dfigen Zigarrengebrauch passt.<\/p>\n<p data-start=\"6123\" data-end=\"6246\">Wenn Sie mehr \u00fcber die Marke hinter der Schneidemaschine erfahren m\u00f6chten, besuchen Sie unsere <a class=\"decorated-link\" href=\"https:\/\/culebracigars.ch\/ch\/uber-uns\/?utm_source=chatgpt.com\" target=\"_new\" rel=\"noopener\" data-start=\"6194\" data-end=\"6240\">\u00dcber Uns<\/a> Seite.<\/p>\n<h2 data-section-id=\"ix91yw\" data-start=\"6248\" data-end=\"6270\">Warum El Corte w\u00e4hlen<\/h2>\n<p data-start=\"6272\" data-end=\"6432\">Eine gute <strong data-start=\"6279\" data-end=\"6297\">Zigarren-V-Schneider<\/strong> sollte pr\u00e4zise, langlebig und einfach zu bedienen sein. Eine sehr gute Zigarrenmaschine sollte auch so raffiniert sein, dass sie zum restlichen Zigarrenerlebnis passt.<\/p>\n<p data-start=\"6434\" data-end=\"6623\">Das ist der Punkt, an dem <strong data-start=\"6448\" data-end=\"6460\">El Corte<\/strong> bringt gute Leistungen. Sie bietet einen sauberen V-Schnitt, zus\u00e4tzlichen Stanzkomfort, ein robustes Metallgeh\u00e4use und ein modernes, unverwechselbares Aussehen, das der Marke Culebra entspricht.<\/p>\n<p data-start=\"6625\" data-end=\"6755\">F\u00fcr eine breitere Zigarrenkultur und Kommentare in der Schweiz, diese <a class=\"decorated-link\" href=\"https:\/\/www.cigar.ch\/?utm_source=chatgpt.com\" target=\"_new\" rel=\"noopener\" data-start=\"6687\" data-end=\"6732\">Schweizer Zigarrenmagazin<\/a> ist eine n\u00fctzliche Referenz.<\/p>","protected":false},"excerpt":{"rendered":"<p>El Corte kombiniert einen sauberen V-Schnitt, einen eingebauten Stempel, eine solide Metallkonstruktion und ein raffiniertes Rotguss-Finish f\u00fcr den t\u00e4glichen Zigarrengebrauch.<\/p>","protected":false},"featured_media":4691,"template":"","meta":{"_acf_changed":false,"content-type":"","_price":"49","_stock":"1899","_tribe_ticket_header":"","_tribe_default_ticket_provider":"","_tribe_ticket_capacity":"","_ticket_start_date":"","_ticket_end_date":"","_tribe_ticket_show_description":"","_tribe_ticket_show_not_going":false,"_tribe_ticket_use_global_stock":"","_tribe_ticket_global_stock_level":"","_global_stock_mode":"","_global_stock_cap":"","_tribe_rsvp_for_event":"","_tribe_ticket_going_count":"","_tribe_ticket_not_going_count":"","_tribe_tickets_list":"[]","_tribe_ticket_has_attendee_info_fields":false},"product_brand":[],"product_cat":[19],"product_tag":[214,237,235,192,240,239,238,236],"class_list":{"0":"post-2190","1":"product","2":"type-product","3":"status-publish","4":"has-post-thumbnail","6":"product_cat-accessories","7":"product_tag-cigar-accessories","8":"product_tag-cigar-cutter-with-punch","9":"product_tag-cigar-v-cutter","10":"product_tag-culebra-cigars","11":"product_tag-el-corte","12":"product_tag-gunmetal-cigar-cutter","13":"product_tag-metal-cigar-cutter","14":"product_tag-v-cut-cigar-cutter","16":"first","17":"instock","18":"shipping-taxable","19":"purchasable","20":"product-type-simple"},"acf":[],"_links":{"self":[{"href":"https:\/\/culebracigars.ch\/ch\/wp-json\/wp\/v2\/product\/2190","targetHints":{"allow":["GET"]}}],"collection":[{"href":"https:\/\/culebracigars.ch\/ch\/wp-json\/wp\/v2\/product"}],"about":[{"href":"https:\/\/culebracigars.ch\/ch\/wp-json\/wp\/v2\/types\/product"}],"version-history":[{"count":1,"href":"https:\/\/culebracigars.ch\/ch\/wp-json\/wp\/v2\/product\/2190\/revisions"}],"predecessor-version":[{"id":5078,"href":"https:\/\/culebracigars.ch\/ch\/wp-json\/wp\/v2\/product\/2190\/revisions\/5078"}],"wp:featuredmedia":[{"embeddable":true,"href":"https:\/\/culebracigars.ch\/ch\/wp-json\/wp\/v2\/media\/4691"}],"wp:attachment":[{"href":"https:\/\/culebracigars.ch\/ch\/wp-json\/wp\/v2\/media?parent=2190"}],"wp:term":[{"taxonomy":"product_brand","embeddable":true,"href":"https:\/\/culebracigars.ch\/ch\/wp-json\/wp\/v2\/product_brand?post=2190"},{"taxonomy":"product_cat","embeddable":true,"href":"https:\/\/culebracigars.ch\/ch\/wp-json\/wp\/v2\/product_cat?post=2190"},{"taxonomy":"product_tag","embeddable":true,"href":"https:\/\/culebracigars.ch\/ch\/wp-json\/wp\/v2\/product_tag?post=2190"}],"curies":[{"name":"wp","href":"https:\/\/api.w.org\/{rel}","templated":true}]}}