{"id":4386,"date":"2026-03-03T08:54:50","date_gmt":"2026-03-03T07:54:50","guid":{"rendered":"https:\/\/culebracigars.ch\/?post_type=product&#038;p=4386"},"modified":"2026-04-20T23:02:55","modified_gmt":"2026-04-20T22:02:55","slug":"el-duo-clasico","status":"publish","type":"product","link":"https:\/\/culebracigars.ch\/ch\/shop\/el-duo-clasico\/","title":{"rendered":"El D\u00fao Cl\u00e1sico"},"content":{"rendered":"<h2 data-section-id=\"jccuah\" data-start=\"625\" data-end=\"672\">El D\u00fao Cl\u00e1sico: 10 handgemachte dominikanische Zigarren<\/h2>\n<p data-start=\"674\" data-end=\"898\"><strong data-start=\"674\" data-end=\"692\">El D\u00fao Cl\u00e1sico<\/strong> bringt zwei der bekanntesten und vielseitigsten Zigarrenformate in einem kuratierten Set zusammen. Es umfasst <strong data-start=\"794\" data-end=\"826\">10 handgefertigte dominikanische Zigarren<\/strong>: <strong data-start=\"828\" data-end=\"854\">5 Toros und 5 Robustos<\/strong>, die jeweils in einer eigenen Pappschachtel pr\u00e4sentiert werden.<\/p>\n<p data-start=\"900\" data-end=\"1168\">F\u00fcr alle, die herausfinden wollen, wie sich die gleiche Mischung in zwei breiteren und sehr zug\u00e4nglichen Vitolas verh\u00e4lt, <strong data-start=\"1007\" data-end=\"1025\">El D\u00fao Cl\u00e1sico<\/strong> ist ein ganz nat\u00fcrlicher Ausgangspunkt. Sie bietet eine praktische M\u00f6glichkeit, Rauchrhythmus, Geschmacksentwicklung und Formatvorlieben miteinander zu vergleichen.<\/p>\n<p data-start=\"1170\" data-end=\"1387\">Dieses Set eignet sich besonders gut f\u00fcr Raucher, die klassische Zigarrenformen m\u00f6gen und entdecken m\u00f6chten, wie die La Primera-Mischung zwischen der kompakten Balance einer Robusto und dem l\u00e4ngeren, ger\u00e4umigeren Gef\u00fchl einer Toro wechselt.<\/p>\n<h2 data-section-id=\"131o82y\" data-start=\"1389\" data-end=\"1426\">Was ist in El D\u00fao Cl\u00e1sico inbegriffen?<\/h2>\n<p data-start=\"1428\" data-end=\"1456\"><strong data-start=\"1428\" data-end=\"1446\">El D\u00fao Cl\u00e1sico<\/strong> umfasst:<\/p>\n<ul data-start=\"1458\" data-end=\"1510\">\n<li data-section-id=\"t7wh5h\" data-start=\"1458\" data-end=\"1482\">\n<p data-start=\"1460\" data-end=\"1482\"><strong data-start=\"1460\" data-end=\"1482\">5 La Primera Toros<\/strong><\/p>\n<\/li>\n<li data-section-id=\"r7dycx\" data-start=\"1483\" data-end=\"1510\">\n<p data-start=\"1485\" data-end=\"1510\"><strong data-start=\"1485\" data-end=\"1510\">5 La Primera Robustos<\/strong><\/p>\n<\/li>\n<\/ul>\n<p data-start=\"1512\" data-end=\"1596\">Alle Zigarren werden in der Dominikanischen Republik handgefertigt und verwenden dieselbe Mischungsgrundlage:<\/p>\n<ul data-start=\"1598\" data-end=\"1712\">\n<li data-section-id=\"1969ni7\" data-start=\"1598\" data-end=\"1632\">\n<p data-start=\"1600\" data-end=\"1632\"><strong data-start=\"1600\" data-end=\"1612\">Deckblatt:<\/strong> Ecuador Connecticut<\/p>\n<\/li>\n<li data-section-id=\"1us9dyu\" data-start=\"1633\" data-end=\"1670\">\n<p data-start=\"1635\" data-end=\"1670\"><strong data-start=\"1635\" data-end=\"1646\">Umblatt:<\/strong> Indonesien und Nicaragua<\/p>\n<\/li>\n<li data-section-id=\"1kl7jdt\" data-start=\"1671\" data-end=\"1712\">\n<p data-start=\"1673\" data-end=\"1712\"><strong data-start=\"1673\" data-end=\"1684\">Einlage:<\/strong> Dominikanische Republik und Peru<\/p>\n<\/li>\n<\/ul>\n<p data-start=\"1714\" data-end=\"1922\">Das macht dieses Set besonders interessant. Sie vergleichen hier nicht zwei Zigarren, die nichts miteinander zu tun haben. Sie erkunden, wie sich eine Mischung in zwei klassischen Formaten pr\u00e4sentiert, zu denen viele Raucher immer wieder zur\u00fcckkehren.<\/p>\n<h2 data-section-id=\"1w52kgo\" data-start=\"1924\" data-end=\"1951\">Warum dieses Set Sinn macht<\/h2>\n<p data-start=\"1953\" data-end=\"2062\">Ein Zigarrenset sollte mehr sein als nur eine Kombination von Produkten. Es sollte dem Raucher helfen, etwas N\u00fctzliches zu entdecken.<\/p>\n<p data-start=\"2064\" data-end=\"2263\">Das ist genau das, was <strong data-start=\"2085\" data-end=\"2103\">El D\u00fao Cl\u00e1sico<\/strong> gebaut ist. Anstatt sich f\u00fcr ein Format ohne Vergleich zu entscheiden, bietet Ihnen diese Kollektion die M\u00f6glichkeit, zwei unterschiedliche Auspr\u00e4gungen derselben Mischung zu erleben.<\/p>\n<p data-start=\"2265\" data-end=\"2473\">Die Robusto bietet einen kompakten und ausgewogenen Rauch. Die Toro gibt der Mischung etwas mehr Raum, um sich zu entfalten und ein ruhigeres Tempo anzuschlagen. <strong data-start=\"2399\" data-end=\"2417\">El D\u00fao Cl\u00e1sico<\/strong> k\u00f6nnen Sie beides auf praktische und angenehme Weise vergleichen.<\/p>\n<h2 data-section-id=\"u6nqac\" data-start=\"2475\" data-end=\"2503\">F\u00fcr wen El D\u00fao Cl\u00e1sico ist<\/h2>\n<p data-start=\"2505\" data-end=\"2570\"><strong data-start=\"2505\" data-end=\"2523\">El D\u00fao Cl\u00e1sico<\/strong> eignet sich besonders gut f\u00fcr Raucher, die rauchen wollen:<\/p>\n<ul data-start=\"2572\" data-end=\"2836\">\n<li data-section-id=\"i28iba\" data-start=\"2572\" data-end=\"2625\">\n<p data-start=\"2574\" data-end=\"2625\">ein praktischer Vergleich zwischen den Formaten Toro und Robusto<\/p>\n<\/li>\n<li data-section-id=\"1havr9t\" data-start=\"2626\" data-end=\"2699\">\n<p data-start=\"2628\" data-end=\"2699\">ein handgefertigtes dominikanisches Zigarrenset mit ausgewogenem und zug\u00e4nglichem Charakter<\/p>\n<\/li>\n<li data-section-id=\"xlant9\" data-start=\"2700\" data-end=\"2761\">\n<p data-start=\"2702\" data-end=\"2761\">eine Premium-Zigarrenkollektion, die um zwei klassische Vitolas herum aufgebaut ist<\/p>\n<\/li>\n<li data-section-id=\"1isyi44\" data-start=\"2762\" data-end=\"2836\">\n<p data-start=\"2764\" data-end=\"2836\">ein durchdachtes Zigarrengeschenk f\u00fcr jemanden, der Vielfalt und Handwerkskunst sch\u00e4tzt<\/p>\n<\/li>\n<\/ul>\n<p data-start=\"2838\" data-end=\"3139\">Da die Mischung selbst mild bis mittelstark und auf Ausgewogenheit ausgerichtet ist, ist dieses Set sowohl f\u00fcr neue Raucher als auch f\u00fcr erfahrene Aficionados geeignet. Es ist zug\u00e4nglich genug f\u00fcr jemanden, der eine Premium-Zigarrenauswahl aufbaut, w\u00e4hrend es immer noch genug Abwechslung bietet, um die Erfahrung fesselnd zu halten.<\/p>\n<h2 data-section-id=\"1cnvfff\" data-start=\"3141\" data-end=\"3182\">Eine gute M\u00f6glichkeit, Toro und Robusto zu vergleichen<\/h2>\n<p data-start=\"3184\" data-end=\"3240\">Der wichtigste Wert von <strong data-start=\"3202\" data-end=\"3220\">El D\u00fao Cl\u00e1sico<\/strong> liegt im Vergleich.<\/p>\n<p data-start=\"3242\" data-end=\"3472\">Beide Formate enthalten die gleiche Mischung, aber jedes pr\u00e4sentiert sie auf eine etwas andere Weise. Die Robusto f\u00fchlt sich kompakt, direkt und ausgewogen an. Die Toro f\u00fchlt sich breiter, l\u00e4nger und ein wenig mehr entspannt, wie die Zigarre im Laufe der Zeit entwickelt.<\/p>\n<p data-start=\"3474\" data-end=\"3635\">Das macht dieses Set besonders n\u00fctzlich, wenn Sie herausfinden wollen, ob Sie den kompakteren Rhythmus einer Robusto oder die ger\u00e4umigere Progression einer Toro bevorzugen.<\/p>\n<p data-start=\"3637\" data-end=\"3898\">Wenn Sie die einzelnen Formate genauer kennenlernen m\u00f6chten, k\u00f6nnen Sie sich die einzelnen Produktseiten f\u00fcr die <a class=\"decorated-link cursor-pointer\" href=\"https:\/\/culebracigars.ch\/ch\/la-primera-toro-5er-pack\/\" target=\"_new\" rel=\"noopener\" data-start=\"3738\" data-end=\"3812\">La Primera Toro 5er-Pack<\/a> und <a class=\"decorated-link cursor-pointer\" href=\"https:\/\/culebracigars.ch\/ch\/la-primera-robusto-5er-pack\/\" target=\"_new\" rel=\"noopener\" data-start=\"3817\" data-end=\"3897\">La Primera Robusto 5er Pack<\/a>.<\/p>\n<h2 data-section-id=\"hgr966\" data-start=\"3900\" data-end=\"3930\">Die Geschichte von La Primera<\/h2>\n<p data-start=\"3932\" data-end=\"4242\">Der Name <strong data-start=\"3941\" data-end=\"3955\">La Primera<\/strong> spiegelt den Beginn der Reise von Culebra wider. Es ist die erste Mischung der Marke und das Ergebnis jahrelanger Erforschung dessen, was eine Zigarre im Laufe der Zeit genie\u00dfbar macht. Anstatt nur nach St\u00e4rke zu streben, konzentriert sich die Mischung auf Ausgewogenheit, Textur und Aromen, die von Anfang bis Ende angenehm bleiben.<\/p>\n<p data-start=\"4244\" data-end=\"4412\">Culebra selbst wurde im Jahr 2025, dem chinesischen Jahr der Schlange, gegr\u00fcndet. Der Name bedeutet \u201cSchlange\u201d auf Spanisch, und diese Identit\u00e4t zieht sich visuell und konzeptionell durch die Marke.<\/p>\n<p data-start=\"4414\" data-end=\"4519\">Wenn Sie mehr \u00fcber die Marke erfahren m\u00f6chten, besuchen Sie unsere <a class=\"decorated-link\" href=\"https:\/\/culebracigars.ch\/ch\/uber-uns\/?utm_source=chatgpt.com\" target=\"_new\" rel=\"noopener\" data-start=\"4467\" data-end=\"4513\">\u00dcber Uns<\/a> Seite.<\/p>\n<h2 data-section-id=\"bs8a36\" data-start=\"4521\" data-end=\"4545\">Lagerung und Vergn\u00fcgen<\/h2>\n<p data-start=\"4547\" data-end=\"4791\">Denn <strong data-start=\"4555\" data-end=\"4573\">El D\u00fao Cl\u00e1sico<\/strong> umfasst 10 Zigarren in zwei Pappschachteln und ist ein praktisches Format, um das Sortiment nach und nach zu erkunden und nicht alles auf einmal. Die richtige Lagerung hilft, die Zigarren in gutem Zustand zu halten, w\u00e4hrend Sie sich durch das Set arbeiten.<\/p>\n<p data-start=\"4793\" data-end=\"5135\">Wenn Sie neu in der Zigarrenpflege sind, lesen Sie unseren Leitfaden \u00fcber <a class=\"decorated-link cursor-pointer\" href=\"https:\/\/culebracigars.ch\/ch\/zigarrenlagerung\/\" target=\"_new\" rel=\"noopener\" data-start=\"4841\" data-end=\"4897\">Zigarrenlagerung<\/a>. Und wenn Sie die Grundlagen der Zubereitung noch lernen m\u00fcssen, finden Sie in unseren Leitf\u00e4den \u00fcber <a class=\"decorated-link\" href=\"https:\/\/culebracigars.ch\/ch\/wie-man-eine-zigarre-anschneidet\/\" target=\"_new\" rel=\"noopener\" data-start=\"4970\" data-end=\"5036\">wie man eine Zigarre anschneidet<\/a> und <a class=\"decorated-link\" href=\"https:\/\/culebracigars.ch\/ch\/wie-man-eine-zigarre-anzundet\/\" target=\"_new\" rel=\"noopener\" data-start=\"5041\" data-end=\"5111\">wie man eine Zigarre anz\u00fcndet<\/a> sind ein n\u00fctzlicher n\u00e4chster Schritt.<\/p>\n<h2 data-section-id=\"4hctby\" data-start=\"5137\" data-end=\"5165\">Warum El D\u00fao Cl\u00e1sico w\u00e4hlen?<\/h2>\n<p data-start=\"5167\" data-end=\"5426\">Ein gutes kuratiertes Set sollte koh\u00e4rent, n\u00fctzlich und leicht zu verstehen sein. Das ist die St\u00e4rke von <strong data-start=\"5263\" data-end=\"5281\">El D\u00fao Cl\u00e1sico<\/strong>. Sie bietet Ihnen zwei klassische Auspr\u00e4gungen der La Primera-Mischung in einer Kollektion und macht den Vergleich einfach, ohne die Wahl zu kompliziert zu machen.<\/p>\n<p data-start=\"5428\" data-end=\"5674\">Dieses Set ist eine gute Wahl, wenn Sie die Toro und die Robusto Seite an Seite entdecken wollen, jemandem eine aufmerksame Einf\u00fchrung in zwei sehr beliebte Formate geben oder eine praktische Sammlung genie\u00dfen m\u00f6chten, die auf Ausgewogenheit, Vielfalt und zug\u00e4nglicher Komplexit\u00e4t beruht.<\/p>\n<p data-start=\"5676\" data-end=\"5806\">F\u00fcr eine breitere Zigarrenkultur und Kommentare in der Schweiz, diese <a class=\"decorated-link\" href=\"https:\/\/www.cigar.ch\/?utm_source=chatgpt.com\" target=\"_new\" rel=\"noopener\" data-start=\"5738\" data-end=\"5783\">Schweizer Zigarrenmagazin<\/a> ist eine n\u00fctzliche Referenz.<\/p>","protected":false},"excerpt":{"rendered":"<div class=\"saves\">\n<div style=\"color: #cb9730; margin-bottom: 20px;\"><strong>Sparen Sie CHF 70.00<\/strong><\/div>\n<div style=\"margin-bottom: 20px;\">El D\u00fao Cl\u00e1sico vereint 10 handgefertigte dominikanische Zigarren in zwei klassischen Formaten: Toro und Robusto. Es ist eine praktische Art, zwei Seiten der La Primera-Mischung zu entdecken.<\/div>\n<\/div>","protected":false},"featured_media":4389,"template":"","meta":{"_acf_changed":false,"content-type":"","_price":"159","_stock":"2452","_tribe_ticket_header":"","_tribe_default_ticket_provider":"","_tribe_ticket_capacity":"","_ticket_start_date":"","_ticket_end_date":"","_tribe_ticket_show_description":"","_tribe_ticket_show_not_going":false,"_tribe_ticket_use_global_stock":"","_tribe_ticket_global_stock_level":"","_global_stock_mode":"","_global_stock_cap":"","_tribe_rsvp_for_event":"","_tribe_ticket_going_count":"","_tribe_ticket_not_going_count":"","_tribe_tickets_list":"[]","_tribe_ticket_has_attendee_info_fields":false},"product_brand":[44],"product_cat":[60],"product_tag":[205,192,189,209,190,194,188,201],"class_list":{"0":"post-4386","1":"product","2":"type-product","3":"status-publish","4":"has-post-thumbnail","6":"product_brand-la-primera","7":"product_cat-bundle","8":"product_tag-cigar-bundle","9":"product_tag-culebra-cigars","10":"product_tag-dominican-cigars","11":"product_tag-el-duo-clasico","12":"product_tag-handmade-cigars","13":"product_tag-premium-cigars","14":"product_tag-robusto-cigars","15":"product_tag-toro-cigars","17":"first","18":"instock","19":"shipping-taxable","20":"purchasable","21":"product-type-simple"},"acf":[],"_links":{"self":[{"href":"https:\/\/culebracigars.ch\/ch\/wp-json\/wp\/v2\/product\/4386","targetHints":{"allow":["GET"]}}],"collection":[{"href":"https:\/\/culebracigars.ch\/ch\/wp-json\/wp\/v2\/product"}],"about":[{"href":"https:\/\/culebracigars.ch\/ch\/wp-json\/wp\/v2\/types\/product"}],"version-history":[{"count":1,"href":"https:\/\/culebracigars.ch\/ch\/wp-json\/wp\/v2\/product\/4386\/revisions"}],"predecessor-version":[{"id":5072,"href":"https:\/\/culebracigars.ch\/ch\/wp-json\/wp\/v2\/product\/4386\/revisions\/5072"}],"wp:featuredmedia":[{"embeddable":true,"href":"https:\/\/culebracigars.ch\/ch\/wp-json\/wp\/v2\/media\/4389"}],"wp:attachment":[{"href":"https:\/\/culebracigars.ch\/ch\/wp-json\/wp\/v2\/media?parent=4386"}],"wp:term":[{"taxonomy":"product_brand","embeddable":true,"href":"https:\/\/culebracigars.ch\/ch\/wp-json\/wp\/v2\/product_brand?post=4386"},{"taxonomy":"product_cat","embeddable":true,"href":"https:\/\/culebracigars.ch\/ch\/wp-json\/wp\/v2\/product_cat?post=4386"},{"taxonomy":"product_tag","embeddable":true,"href":"https:\/\/culebracigars.ch\/ch\/wp-json\/wp\/v2\/product_tag?post=4386"}],"curies":[{"name":"wp","href":"https:\/\/api.w.org\/{rel}","templated":true}]}}