{"id":2183,"date":"2025-12-01T10:14:50","date_gmt":"2025-12-01T09:14:50","guid":{"rendered":"https:\/\/culebracigars.ch\/?post_type=product&#038;p=2183"},"modified":"2026-03-10T23:15:36","modified_gmt":"2026-03-10T22:15:36","slug":"el-fuego-dual-jet-flame-zigarrenfeuerzeug","status":"publish","type":"product","link":"https:\/\/culebracigars.ch\/de\/shop\/el-fuego-dual-jet-flame-cigar-lighter\/","title":{"rendered":"El Fuego: Dual Jet Flame Zigarettenanz\u00fcnder"},"content":{"rendered":"<h2 data-section-id=\"178a71h\" data-start=\"624\" data-end=\"659\">El Fuego: Dual Jet Flame Zigarettenanz\u00fcnder<\/h2>\n<p data-start=\"661\" data-end=\"904\"><strong data-start=\"661\" data-end=\"673\">El Fuego<\/strong> ist eine <strong data-start=\"679\" data-end=\"705\">Dual Jet Flame Zigarrenanz\u00fcnder<\/strong> zum schnellen, gleichm\u00e4\u00dfigen und kontrollierten Anz\u00fcnden einer Zigarre. Mit zwei gleichm\u00e4\u00dfigen Flammen, einem soliden Metallgeh\u00e4use und einem eingebauten Zigarrenstempel kombiniert er allt\u00e4gliche Funktionalit\u00e4t mit einem klaren und unverwechselbaren Design.<\/p>\n<p data-start=\"906\" data-end=\"1113\">In dunklem Rotguss mit einer goldenen Seitenwand mit dezenter Schlangenhauttextur, <strong data-start=\"994\" data-end=\"1006\">El Fuego<\/strong> hat eine klare Identit\u00e4t, ohne dabei zu \u00fcbertreiben. Er wirkt modern, praktisch und raffiniert zugleich.<\/p>\n<p data-start=\"1115\" data-end=\"1250\">F\u00fcr alle, die eine <strong data-start=\"1140\" data-end=\"1166\">Dual Jet Flame Zigarrenanz\u00fcnder<\/strong> das zuverl\u00e4ssig im Innen- und Au\u00dfenbereich funktioniert, <strong data-start=\"1209\" data-end=\"1221\">El Fuego<\/strong> ist eine gute Wahl f\u00fcr den Alltag.<\/p>\n<h2 data-section-id=\"1vl927d\" data-start=\"1252\" data-end=\"1286\">Was El Fuego unverwechselbar macht<\/h2>\n<p data-start=\"1288\" data-end=\"1456\">Ein gutes Zigarrenfeuerzeug sollte eines sehr gut k\u00f6nnen: die Zigarre richtig anz\u00fcnden. Das bedeutet gen\u00fcgend Hitze, gleichm\u00e4\u00dfige Leistung und eine Form, die gut in der Hand liegt.<\/p>\n<p data-start=\"1458\" data-end=\"1674\"><strong data-start=\"1458\" data-end=\"1470\">El Fuego<\/strong> wurde genau nach dieser Idee entwickelt. Seine Zweistrahlflamme sorgt f\u00fcr ein starkes und gleichm\u00e4\u00dfiges Licht, w\u00e4hrend der integrierte Zigarrenstempel f\u00fcr praktischen Komfort sorgt, wenn Sie mit einem Werkzeug mehr als einen Schritt machen wollen.<\/p>\n<p data-start=\"1676\" data-end=\"1852\">Das Ergebnis ist eine <strong>Zigarrenanz\u00fcnder mit Doppelflamme und Stempel<\/strong> die sich n\u00fctzlich und nicht \u00fcberladen anf\u00fchlt. Es bietet, was wichtig ist, h\u00e4lt das Design sauber und passt nat\u00fcrlich in den regelm\u00e4\u00dfigen Zigarrengebrauch.<\/p>\n<h2 data-section-id=\"k1om6v\" data-start=\"1854\" data-end=\"1898\">Zweistrahlige Flamme f\u00fcr schnelle und gleichm\u00e4\u00dfige Beleuchtung<\/h2>\n<p data-start=\"1900\" data-end=\"1969\">Der wichtigste Teil der <strong data-start=\"1927\" data-end=\"1939\">El Fuego<\/strong> ist sein Zweistrahlflammensystem.<\/p>\n<p data-start=\"1971\" data-end=\"2052\">Zwei gleichm\u00e4\u00dfige Stichflammen helfen, eine Zigarre gleichm\u00e4\u00dfig und effizient anzuz\u00fcnden, besonders wenn:<\/p>\n<ul data-start=\"2053\" data-end=\"2162\">\n<li data-section-id=\"mzq0l2\" data-start=\"2053\" data-end=\"2071\">\n<p data-start=\"2055\" data-end=\"2071\">Sie sind im Freien<\/p>\n<\/li>\n<li data-section-id=\"5x4c8m\" data-start=\"2072\" data-end=\"2093\">\n<p data-start=\"2074\" data-end=\"2093\">es herrscht leichter Wind<\/p>\n<\/li>\n<li data-section-id=\"140r5kx\" data-start=\"2094\" data-end=\"2123\">\n<p data-start=\"2096\" data-end=\"2123\">Sie eine schnellere Z\u00fcndung w\u00fcnschen<\/p>\n<\/li>\n<li data-section-id=\"71oc8p\" data-start=\"2124\" data-end=\"2162\">\n<p data-start=\"2126\" data-end=\"2162\">Sie beleuchten dickere Ringspuren<\/p>\n<\/li>\n<\/ul>\n<p data-start=\"2164\" data-end=\"2303\">Das macht diese <strong data-start=\"2180\" data-end=\"2206\">Dual Jet Flame Zigarrenanz\u00fcnder<\/strong> besonders praktisch f\u00fcr Raucher, die eine zuverl\u00e4ssige Leistung ohne unn\u00f6tige Komplikationen w\u00fcnschen.<\/p>\n<p data-start=\"2305\" data-end=\"2460\">Wenn Sie wissen m\u00f6chten, wie Sie das Beste aus einem D\u00fcsenfeuerzeug herausholen k\u00f6nnen, lesen Sie unseren Leitfaden \u00fcber <a class=\"decorated-link\" href=\"https:\/\/culebracigars.ch\/de\/wie-man-eine-zigarre-anzundet\/\" target=\"_new\" rel=\"noopener\" data-start=\"2389\" data-end=\"2459\">wie man eine Zigarre anz\u00fcndet<\/a>.<\/p>\n<h2 data-section-id=\"4dp6vr\" data-start=\"2462\" data-end=\"2501\">Eingebauter Zigarrenstempel f\u00fcr mehr Bequemlichkeit<\/h2>\n<p data-start=\"2503\" data-end=\"2553\"><strong data-start=\"2503\" data-end=\"2515\">El Fuego<\/strong> enth\u00e4lt auch einen eingebauten Zigarrenstempel.<\/p>\n<p data-start=\"2555\" data-end=\"2745\">Das ist besonders praktisch, wenn Sie unterwegs sind oder nur wenig Zubeh\u00f6r dabei haben. Anstatt einen separaten Locher mitzunehmen, haben Sie beide Funktionen in einem Ger\u00e4t.<\/p>\n<p data-start=\"2747\" data-end=\"2927\">F\u00fcr viele Raucherinnen und Raucher ist dies ein sehr praktisches <strong data-start=\"2798\" data-end=\"2826\">Zigarrenanz\u00fcnder mit Stempel<\/strong> f\u00fcr den t\u00e4glichen Gebrauch. Es h\u00e4lt die Dinge einfach und reduziert die Anzahl der einzelnen Gegenst\u00e4nde, die Sie mit sich f\u00fchren m\u00fcssen.<\/p>\n<h2 data-section-id=\"pwklfs\" data-start=\"2929\" data-end=\"2959\">Material, Ausf\u00fchrung und Design<\/h2>\n<p data-start=\"2961\" data-end=\"3131\">Der K\u00f6rper von <strong data-start=\"2973\" data-end=\"2985\">El Fuego<\/strong> ist aus Metall gefertigt und in dunklem Rotguss ausgef\u00fchrt. An der Seite sorgt ein goldenes Paneel mit dezenter Schlangenhautstruktur f\u00fcr ein auff\u00e4lliges optisches Detail.<\/p>\n<p data-start=\"3133\" data-end=\"3289\">Diese Kombination verleiht dem Feuerzeug einen raffinierteren Charakter, w\u00e4hrend das Gesamtdesign sauber und modern bleibt. Es f\u00e4llt auf, aber nicht auf eine \u00fcbertriebene Weise.<\/p>\n<p data-start=\"3291\" data-end=\"3502\">Das ist wichtig f\u00fcr ein Accessoire wie dieses. Ein Feuerzeug wird oft benutzt, oft gehalten und oft gesehen. Es sollte gut in der Hand liegen und auf dem Tisch gut aussehen, ohne die Aufmerksamkeit von der Zigarre selbst abzulenken.<\/p>\n<h2 data-section-id=\"1sgtpj3\" data-start=\"3504\" data-end=\"3536\">Zuverl\u00e4ssig im Innen- und Au\u00dfenbereich<\/h2>\n<p data-start=\"3538\" data-end=\"3616\">Ein Taschenlampenfeuerzeug muss unter realen Bedingungen verl\u00e4sslich sein, nicht nur in der Theorie.<\/p>\n<p data-start=\"3618\" data-end=\"3842\"><strong data-start=\"3618\" data-end=\"3630\">El Fuego<\/strong> ist sowohl f\u00fcr den Innen- als auch f\u00fcr den Au\u00dfenbereich geeignet. Die Zweistrahlflamme gibt ihm genug Kraft, um in typischen Rauchsituationen gut zu funktionieren, egal ob Sie auf einer Terrasse, bei einer Veranstaltung oder einfach zu Hause eine Zigarre genie\u00dfen.<\/p>\n<p data-start=\"3844\" data-end=\"3969\">Das macht ihn zu einer guten Wahl f\u00fcr Raucher, die ein <strong>dual<\/strong> <strong data-start=\"3897\" data-end=\"3924\">Jet Flame Zigarrenanz\u00fcnder<\/strong> die in verschiedenen Umgebungen praktikabel ist.<\/p>\n<h2 data-section-id=\"tp21hf\" data-start=\"3971\" data-end=\"3993\">F\u00fcr wen ist El Fuego gedacht?<\/h2>\n<p data-start=\"3995\" data-end=\"4053\"><strong data-start=\"3995\" data-end=\"4007\">El Fuego<\/strong> eignet sich besonders gut f\u00fcr Menschen, die dies w\u00fcnschen:<\/p>\n<ul data-start=\"4055\" data-end=\"4240\">\n<li data-section-id=\"1tr0tnl\" data-start=\"4055\" data-end=\"4094\">\n<p data-start=\"4057\" data-end=\"4094\">eine zuverl\u00e4ssige <strong data-start=\"4068\" data-end=\"4094\">Dual Jet Flame Zigarrenanz\u00fcnder<\/strong><\/p>\n<\/li>\n<li data-section-id=\"1aa9zbv\" data-start=\"4095\" data-end=\"4135\">\n<p data-start=\"4097\" data-end=\"4135\">eine eingebaute Zigarrenstanze f\u00fcr mehr Komfort<\/p>\n<\/li>\n<li data-section-id=\"fb7cpo\" data-start=\"4136\" data-end=\"4187\">\n<p data-start=\"4138\" data-end=\"4187\">ein modernes Metallfeuerzeug mit einer raffinierteren Oberfl\u00e4che<\/p>\n<\/li>\n<li data-section-id=\"1lovr6n\" data-start=\"4188\" data-end=\"4240\">\n<p data-start=\"4190\" data-end=\"4240\">ein Accessoire, das zu Hause und im Freien gut funktioniert<\/p>\n<\/li>\n<\/ul>\n<p data-start=\"4242\" data-end=\"4457\">Sie eignet sich sowohl f\u00fcr neue Raucher als auch f\u00fcr erfahrene Zigarrenliebhaber. Anf\u00e4ngern erleichtert er die Zigarrenzubereitung. F\u00fcr regelm\u00e4\u00dfige Raucher bietet er eine praktische Kombination aus Leistung und Design.<\/p>\n<p data-start=\"4459\" data-end=\"4618\">Wenn Sie noch nicht mit den Grundlagen vertraut sind, finden Sie in unserem Leitfaden \u00fcber <a class=\"decorated-link\" href=\"https:\/\/culebracigars.ch\/de\/wie-man-eine-zigarre-anschneidet\/\" target=\"_new\" rel=\"noopener\" data-start=\"4510\" data-end=\"4576\">wie man eine Zigarre anschneidet<\/a> ist ein n\u00fctzlicher n\u00e4chster Schritt neben der Beleuchtung.<\/p>\n<h2 data-section-id=\"1lrjvvi\" data-start=\"4620\" data-end=\"4655\">Warum ein gutes Zigarrenfeuerzeug wichtig ist<\/h2>\n<p data-start=\"4657\" data-end=\"4776\">Eine Zigarre kann gut aufbewahrt und angeschnitten werden, aber trotzdem schlecht anspringen, wenn das Feuerzeug unzuverl\u00e4ssig oder zu umst\u00e4ndlich zu bedienen ist.<\/p>\n<p data-start=\"4778\" data-end=\"4986\">Deshalb ist ein gutes Zigarrenfeuerzeug so wichtig. Es sorgt f\u00fcr ein gleichm\u00e4\u00dfiges Licht, einen besseren Abbrand und einen entspannten Rauchbeginn. Au\u00dferdem macht es die ganze Erfahrung einfacher, vor allem, wenn man nicht zu Hause raucht.<\/p>\n<p data-start=\"4988\" data-end=\"5153\"><strong data-start=\"4988\" data-end=\"5000\">El Fuego<\/strong> wurde f\u00fcr diese praktische Aufgabe entwickelt. Er bietet eine starke Flammenleistung, eine eingebaute Schlagkraft und ein Design, das sich im t\u00e4glichen Gebrauch sauber und langlebig anf\u00fchlt.<\/p>\n<p data-start=\"5155\" data-end=\"5279\">Wenn Sie mehr \u00fcber die Marke hinter dem Feuerzeug erfahren m\u00f6chten, besuchen Sie unsere <a class=\"decorated-link\" href=\"https:\/\/culebracigars.ch\/de\/uber-uns\/?utm_source=chatgpt.com\" target=\"_new\" rel=\"noopener\" data-start=\"5227\" data-end=\"5273\">\u00dcber Uns<\/a> Seite.<\/p>\n<h2 data-section-id=\"itcfpl\" data-start=\"5281\" data-end=\"5303\">Warum El Fuego w\u00e4hlen?<\/h2>\n<p data-start=\"5305\" data-end=\"5484\">Eine gute <strong data-start=\"5312\" data-end=\"5338\">Dual Jet Flame Zigarrenanz\u00fcnder<\/strong> sollte praktisch, verl\u00e4sslich und einfach zu handhaben sein. Eine sehr gute Zigarre sollte auch so raffiniert sein, dass sie zum Rest des Zigarrenerlebnisses passt.<\/p>\n<p data-start=\"5486\" data-end=\"5654\">Das ist der Punkt, an dem <strong data-start=\"5500\" data-end=\"5512\">El Fuego<\/strong> bringt gute Leistungen. Sie bietet eine schnelle und gleichm\u00e4\u00dfige Beleuchtung, zus\u00e4tzlichen Komfort beim Stanzen und ein modernes, unverwechselbares Design, das f\u00fcr den regelm\u00e4\u00dfigen Gebrauch ausgelegt ist.<\/p>\n<p data-start=\"5656\" data-end=\"5786\">F\u00fcr eine breitere Zigarrenkultur und Kommentare in der Schweiz, diese <a class=\"decorated-link\" href=\"https:\/\/www.cigar.ch\/?utm_source=chatgpt.com\" target=\"_new\" rel=\"noopener\" data-start=\"5718\" data-end=\"5763\">Schweizer Zigarrenmagazin<\/a> ist eine n\u00fctzliche Referenz.<\/p>\n<p data-start=\"5656\" data-end=\"5786\"><strong>Das Zigarrenfeuerzeug El Fuego mit Doppelstrahlflamme wird voraussichtlich im April auf den Markt kommen.<\/strong><\/p>","protected":false},"excerpt":{"rendered":"<p>El Fuego kombiniert zwei gleichm\u00e4\u00dfige Jet-Flammen, einen eingebauten Zigarrenstempel und ein raffiniertes Design in Rotguss und Gold f\u00fcr zuverl\u00e4ssiges Zigarrenfeuer im Alltag.<\/p>","protected":false},"featured_media":2715,"template":"","meta":{"_acf_changed":false,"content-type":"","_price":"59","_stock":"300","_tribe_ticket_header":"","_tribe_default_ticket_provider":"","_tribe_ticket_capacity":"","_ticket_start_date":"","_ticket_end_date":"","_tribe_ticket_show_description":"","_tribe_ticket_show_not_going":false,"_tribe_ticket_use_global_stock":"","_tribe_ticket_global_stock_level":"","_global_stock_mode":"","_global_stock_cap":"","_tribe_rsvp_for_event":"","_tribe_ticket_going_count":"","_tribe_ticket_not_going_count":"","_tribe_tickets_list":"[]","_tribe_ticket_has_attendee_info_fields":false},"product_brand":[],"product_cat":[19],"product_tag":[214,220,218,192,217,222,219,221],"class_list":{"0":"post-2183","1":"product","2":"type-product","3":"status-publish","4":"has-post-thumbnail","6":"product_cat-accessories","7":"product_tag-cigar-accessories","8":"product_tag-cigar-lighter","9":"product_tag-cigar-lighter-with-punch","10":"product_tag-culebra-cigars","11":"product_tag-dual-jet-cigar-lighter","12":"product_tag-el-fuego","13":"product_tag-jet-flame-cigar-lighter","14":"product_tag-metal-cigar-lighter","16":"first","17":"instock","18":"shipping-taxable","19":"purchasable","20":"product-type-simple"},"acf":[],"_links":{"self":[{"href":"https:\/\/culebracigars.ch\/de\/wp-json\/wp\/v2\/product\/2183","targetHints":{"allow":["GET"]}}],"collection":[{"href":"https:\/\/culebracigars.ch\/de\/wp-json\/wp\/v2\/product"}],"about":[{"href":"https:\/\/culebracigars.ch\/de\/wp-json\/wp\/v2\/types\/product"}],"version-history":[{"count":0,"href":"https:\/\/culebracigars.ch\/de\/wp-json\/wp\/v2\/product\/2183\/revisions"}],"wp:featuredmedia":[{"embeddable":true,"href":"https:\/\/culebracigars.ch\/de\/wp-json\/wp\/v2\/media\/2715"}],"wp:attachment":[{"href":"https:\/\/culebracigars.ch\/de\/wp-json\/wp\/v2\/media?parent=2183"}],"wp:term":[{"taxonomy":"product_brand","embeddable":true,"href":"https:\/\/culebracigars.ch\/de\/wp-json\/wp\/v2\/product_brand?post=2183"},{"taxonomy":"product_cat","embeddable":true,"href":"https:\/\/culebracigars.ch\/de\/wp-json\/wp\/v2\/product_cat?post=2183"},{"taxonomy":"product_tag","embeddable":true,"href":"https:\/\/culebracigars.ch\/de\/wp-json\/wp\/v2\/product_tag?post=2183"}],"curies":[{"name":"wp","href":"https:\/\/api.w.org\/{rel}","templated":true}]}}