{"id":2217,"date":"2025-12-01T11:47:40","date_gmt":"2025-12-01T10:47:40","guid":{"rendered":"https:\/\/culebracigars.ch\/?post_type=product&#038;p=2217"},"modified":"2026-03-10T21:30:42","modified_gmt":"2026-03-10T20:30:42","slug":"la-primera-robusto-box-20","status":"publish","type":"product","link":"https:\/\/culebracigars.ch\/de\/shop\/la-primera-robusto-box-20\/","title":{"rendered":"La Primera Robusto"},"content":{"rendered":"<h2 data-section-id=\"gbu2op\" data-start=\"672\" data-end=\"730\">La Primera Robusto: Schachtel mit 20 handgemachten dominikanischen Zigarren<\/h2>\n<p data-start=\"732\" data-end=\"1076\"><strong data-start=\"732\" data-end=\"754\">La Primera Robusto<\/strong> ist das Kernformat der ersten Culebra-Mischung und der deutlichste Ausdruck dessen, was die Zigarre sein soll: ausgewogen, cremig und leicht zu genie\u00dfen, ohne an Charakter zu verlieren. Diese Kiste enth\u00e4lt <strong data-start=\"941\" data-end=\"973\">20 handgefertigte dominikanische Zigarren<\/strong>, Die Zigarren werden in einer Zedernholzkiste pr\u00e4sentiert, die die Zigarren sauber sch\u00fctzt und in einer praktischen Anordnung aufbewahrt.<\/p>\n<p data-start=\"1078\" data-end=\"1463\">F\u00fcr alle, die eine Zigarre suchen, die raffiniert ist, ohne schwer zu werden, <strong data-start=\"1152\" data-end=\"1174\">La Primera Robusto<\/strong> befindet sich an einem sehr zug\u00e4nglichen Ort. Das Profil ist mild bis mittelstark, der Rauch ist cremig in der Textur und die Aromen bleiben von den ersten Z\u00fcgen bis zum letzten Drittel komponiert. Es ist eine Zigarre, die sowohl f\u00fcr Einsteiger als auch f\u00fcr erfahrene Raucher geeignet ist, die Ausgewogenheit mehr sch\u00e4tzen als brachiale Gewalt.<\/p>\n<h2 data-section-id=\"1ftc2m9\" data-start=\"1465\" data-end=\"1509\">Was La Primera Robusto unverwechselbar macht<\/h2>\n<p data-start=\"1511\" data-end=\"1800\"><strong data-start=\"1511\" data-end=\"1533\">La Primera Robusto<\/strong> wurde als erste Zigarre von Culebra, einer von Nicolas Schwarz und Oliver Kneub\u00fchl gegr\u00fcndeten Schweizer Zigarrenmarke, kreiert. Die Marke vereint Schweizer Pr\u00e4zision und dominikanische Handwerkskunst, mit der Produktion in der Dominikanischen Republik und der Unterst\u00fctzung von Mat\u00edas Maragoto von ABAM Cigars beim Blending.<\/p>\n<p data-start=\"1802\" data-end=\"2154\">Ziel war es, eine Zigarre mit reichhaltigen, aber ausgewogenen Aromen zu kreieren, die auf entspannte und nat\u00fcrliche Weise genossen werden kann. Genau das ist der Punkt <strong data-start=\"2009\" data-end=\"2031\">La Primera Robusto<\/strong> funktioniert gut. Sie bietet genug Komplexit\u00e4t, um interessant zu bleiben, aber sie bleibt w\u00e4hrend des gesamten Rauchverlaufs weich und zug\u00e4nglich.<\/p>\n<h2 data-section-id=\"1c8ogdt\" data-start=\"2156\" data-end=\"2184\">Mischung und Geschmacksprofil<\/h2>\n<p data-start=\"2186\" data-end=\"2300\">Die Mischung hinter <strong data-start=\"2203\" data-end=\"2225\">La Primera Robusto<\/strong> kombiniert mehrere Urspr\u00fcnge auf eine Weise, die die Zigarre elegant und best\u00e4ndig macht:<\/p>\n<ul data-start=\"2302\" data-end=\"2408\">\n<li data-section-id=\"15823b3\" data-start=\"2302\" data-end=\"2338\">\n<p data-start=\"2304\" data-end=\"2338\"><strong data-start=\"2304\" data-end=\"2316\">Deckblatt:<\/strong> Ecuador Connecticut<\/p>\n<\/li>\n<li data-section-id=\"1aejmzc\" data-start=\"2339\" data-end=\"2364\">\n<p data-start=\"2341\" data-end=\"2364\"><strong data-start=\"2341\" data-end=\"2352\">Umblatt:<\/strong> Indonesien und Nicaragua<\/p>\n<\/li>\n<li data-section-id=\"15sdsv5\" data-start=\"2365\" data-end=\"2408\">\n<p data-start=\"2367\" data-end=\"2408\"><strong data-start=\"2367\" data-end=\"2378\">Einlage:<\/strong> Dominikanische Republik und Peru<\/p>\n<\/li>\n<\/ul>\n<p data-start=\"2410\" data-end=\"2576\">Diese Zusammensetzung ergibt <strong data-start=\"2433\" data-end=\"2455\">La Primera Robusto<\/strong> ein Geschmacksprofil, das sich eher rund als scharf anf\u00fchlt. Je nach Tempo und Einstellung kann der Raucher Noten wie diese wahrnehmen:<\/p>\n<ul data-start=\"2578\" data-end=\"2645\">\n<li data-section-id=\"e9e0og\" data-start=\"2578\" data-end=\"2587\">\n<p data-start=\"2580\" data-end=\"2587\">Creme<\/p>\n<\/li>\n<li data-section-id=\"1kiyllw\" data-start=\"2588\" data-end=\"2598\">\n<p data-start=\"2590\" data-end=\"2598\">Kaffee<\/p>\n<\/li>\n<li data-section-id=\"mzgj1\" data-start=\"2599\" data-end=\"2609\">\n<p data-start=\"2601\" data-end=\"2609\">Mandel<\/p>\n<\/li>\n<li data-section-id=\"3jz7pm\" data-start=\"2610\" data-end=\"2620\">\n<p data-start=\"2612\" data-end=\"2620\">Pfeffer<\/p>\n<\/li>\n<li data-section-id=\"1sx77oe\" data-start=\"2621\" data-end=\"2637\">\n<p data-start=\"2623\" data-end=\"2637\">blumige W\u00fcrze<\/p>\n<\/li>\n<li data-section-id=\"169dylp\" data-start=\"2638\" data-end=\"2645\">\n<p data-start=\"2640\" data-end=\"2645\">Eiche<\/p>\n<\/li>\n<\/ul>\n<p data-start=\"2647\" data-end=\"2755\">Der Gesamteindruck ist cremig und ausgewogen, mit gen\u00fcgend Entwicklung, um die Zigarre mit der Zeit interessant zu machen.<\/p>\n<h2 data-section-id=\"silnsb\" data-start=\"2757\" data-end=\"2793\">Format, St\u00e4rke und Rauchdauer<\/h2>\n<p data-start=\"2795\" data-end=\"2852\"><strong data-start=\"2795\" data-end=\"2817\">La Primera Robusto<\/strong> kommt in einem klassischen Robusto-Format:<\/p>\n<ul data-start=\"2854\" data-end=\"3003\">\n<li data-section-id=\"8l60cz\" data-start=\"2854\" data-end=\"2877\">\n<p data-start=\"2856\" data-end=\"2877\"><strong data-start=\"2856\" data-end=\"2867\">Format:<\/strong> Robust<\/p>\n<\/li>\n<li data-section-id=\"r843au\" data-start=\"2878\" data-end=\"2900\">\n<p data-start=\"2880\" data-end=\"2900\"><strong data-start=\"2880\" data-end=\"2895\">Ringma\u00df:<\/strong> 52<\/p>\n<\/li>\n<li data-section-id=\"urv03l\" data-start=\"2901\" data-end=\"2925\">\n<p data-start=\"2903\" data-end=\"2925\"><strong data-start=\"2903\" data-end=\"2914\">L\u00e4nge:<\/strong> 5 Zoll<\/p>\n<\/li>\n<li data-section-id=\"1uaq3gd\" data-start=\"2926\" data-end=\"2955\">\n<p data-start=\"2928\" data-end=\"2955\"><strong data-start=\"2928\" data-end=\"2942\">Intensit\u00e4t:<\/strong> 2 von 5<\/p>\n<\/li>\n<li data-section-id=\"1ib62ps\" data-start=\"2956\" data-end=\"3003\">\n<p data-start=\"2958\" data-end=\"3003\"><strong data-start=\"2958\" data-end=\"2977\">Zeit zum Genie\u00dfen:<\/strong> etwa 45 bis 60 Minuten<\/p>\n<\/li>\n<\/ul>\n<p data-start=\"3005\" data-end=\"3187\">Dies macht <strong data-start=\"3016\" data-end=\"3038\">La Primera Robusto<\/strong> eine sehr praktische Zigarre f\u00fcr einen Abend unter der Woche, eine entspannte Zigarre am Wochenende oder in geselliger Runde, wo man eine Zigarre m\u00f6chte, die den Moment nicht dominiert.<\/p>\n<h2 data-section-id=\"4bu53u\" data-start=\"3189\" data-end=\"3237\">Eine Zedernholzbox, die die Zigarren richtig sch\u00fctzt<\/h2>\n<p data-start=\"3239\" data-end=\"3486\">Dieses Produkt enth\u00e4lt eine Zedernholzbox mit <strong data-start=\"3283\" data-end=\"3309\">20 La Primera Robustos<\/strong>. Die Kiste bewahrt die Zigarren in einem sauberen, sch\u00fctzenden Layout auf und tr\u00e4gt au\u00dferdem eines der erkennbarsten visuellen Details von Culebra: das goldene Schlangenmuster, das sich um die Kiste und den Culebra-Aufdruck wickelt.<\/p>\n<p data-start=\"3488\" data-end=\"3735\">Dieses Detail ist nicht zuf\u00e4llig vorhanden. Es spiegelt die Markenidentit\u00e4t und die Sorgfalt wider, die sowohl in der Pr\u00e4sentation als auch in der Produktion steckt. Mit einem einfachen Feuchtigkeitspack kann die Box auch als praktischer Humidor f\u00fcr die kurzfristige Lagerung dienen.<\/p>\n<p data-start=\"3737\" data-end=\"3926\">F\u00fcr alle, die neu in der Zigarrenpflege sind, ist die richtige Lagerung wichtig. Wenn Sie wissen m\u00f6chten, wie Sie Zigarren zu Hause frisch halten k\u00f6nnen, lesen Sie unseren Leitfaden \u00fcber <a href=\"https:\/\/culebracigars.ch\/de\/zigarrenlagerung\/\">Zigarrenlagerung<\/a>.<\/p>\n<h2 data-section-id=\"1acx3zf\" data-start=\"3928\" data-end=\"3960\">F\u00fcr wen La Primera Robusto geeignet ist<\/h2>\n<p data-start=\"3962\" data-end=\"4031\"><strong data-start=\"3962\" data-end=\"3984\">La Primera Robusto<\/strong> eignet sich besonders gut f\u00fcr Raucher, die rauchen wollen:<\/p>\n<ul data-start=\"4032\" data-end=\"4213\">\n<li data-section-id=\"fo9mjh\" data-start=\"4032\" data-end=\"4056\">\n<p data-start=\"4034\" data-end=\"4056\">eine milde bis mittlere Zigarre<\/p>\n<\/li>\n<li data-section-id=\"12mwv27\" data-start=\"4057\" data-end=\"4096\">\n<p data-start=\"4059\" data-end=\"4096\">ein cremiges und ausgewogenes Geschmacksprofil<\/p>\n<\/li>\n<li data-section-id=\"1aj8muc\" data-start=\"4097\" data-end=\"4149\">\n<p data-start=\"4099\" data-end=\"4149\">eine handgemachte dominikanische Zigarre, die zug\u00e4nglich bleibt<\/p>\n<\/li>\n<li data-section-id=\"nshtmb\" data-start=\"4150\" data-end=\"4213\">\n<p data-start=\"4152\" data-end=\"4213\">ein Schachtelformat, das sich gut f\u00fcr den regelm\u00e4\u00dfigen Genuss oder zum Verschenken eignet<\/p>\n<\/li>\n<\/ul>\n<p data-start=\"4215\" data-end=\"4444\">Da die Zigarre weich und kompakt ist, eignet sie sich auch f\u00fcr Menschen, die sich noch an Premium-Zigarren herantasten. Gleichzeitig hat sie genug Struktur und Aroma, um auch erfahrene Raucher zufrieden zu stellen.<\/p>\n<p data-start=\"4446\" data-end=\"4663\">Wenn Sie noch nicht mit den Grundlagen vertraut sind, finden Sie in unseren Leitf\u00e4den \u00fcber <a class=\"decorated-link\" href=\"https:\/\/culebracigars.ch\/de\/wie-man-eine-zigarre-anschneidet\/\" target=\"_new\" rel=\"noopener\" data-start=\"4498\" data-end=\"4564\">wie man eine Zigarre anschneidet<\/a> und <a class=\"decorated-link\" href=\"https:\/\/culebracigars.ch\/de\/wie-man-eine-zigarre-anzundet\/\" target=\"_new\" rel=\"noopener\" data-start=\"4569\" data-end=\"4639\">wie man eine Zigarre anz\u00fcndet<\/a> sind ein n\u00fctzlicher n\u00e4chster Schritt.<\/p>\n<h2 data-section-id=\"hgr966\" data-start=\"4665\" data-end=\"4695\">Die Geschichte von La Primera<\/h2>\n<p data-start=\"4697\" data-end=\"5008\">Der Name <strong data-start=\"4706\" data-end=\"4720\">La Primera<\/strong> spiegelt den Beginn der Reise von Culebra wider. Es ist die erste Mischung der Marke und das Ergebnis jahrelanger Erforschung dessen, was eine Zigarre im Laufe der Zeit genie\u00dfbar macht. Anstatt nur nach St\u00e4rke zu streben, konzentriert sich die Mischung auf Ausgewogenheit, Textur und Aromen, die von Anfang bis Ende angenehm bleiben.<\/p>\n<p data-start=\"5010\" data-end=\"5343\">Culebra selbst wurde im Jahr 2025, dem chinesischen Jahr der Schlange, gegr\u00fcndet. Der Name bedeutet \u201cSchlange\u201d auf Spanisch, und diese Identit\u00e4t zieht sich visuell und konzeptionell durch die Marke.<\/p>\n<p data-start=\"5345\" data-end=\"5450\">Wenn Sie mehr \u00fcber die Marke erfahren m\u00f6chten, besuchen Sie unsere <a class=\"decorated-link\" href=\"https:\/\/culebracigars.ch\/de\/uber-uns\/?utm_source=chatgpt.com\" target=\"_new\" rel=\"noopener\" data-start=\"5398\" data-end=\"5444\">\u00dcber Uns<\/a> Seite.<\/p>\n<h2 data-section-id=\"1emlof5\" data-start=\"5452\" data-end=\"5484\">Warum La Primera Robusto w\u00e4hlen<\/h2>\n<p data-start=\"5486\" data-end=\"5689\">Eine gute Robusto sollte sich in sich selbst vollst\u00e4ndig anf\u00fchlen. Sie sollte gut anz\u00fcnden, sich in einen gleichm\u00e4\u00dfigen Rhythmus einpendeln und gen\u00fcgend Geschmack bieten, ohne zu erm\u00fcden. Das ist der Raum <strong data-start=\"5652\" data-end=\"5674\">La Primera Robusto<\/strong> wurde f\u00fcr gebaut.<\/p>\n<p data-start=\"5691\" data-end=\"5937\">Diese 20er-Kiste ist eine gute Wahl, wenn Sie eine zuverl\u00e4ssige Premium-Zigarre f\u00fcr Ihren Humidor suchen, ein Geschenk f\u00fcr jemanden, der Handwerkskunst sch\u00e4tzt, oder eine Zigarre, die das erste Kapitel von Culebra in einem Format darstellt, zu dem man immer wieder gerne zur\u00fcckkehrt.<\/p>\n<p data-start=\"5939\" data-end=\"6069\">F\u00fcr eine breitere Zigarrenkultur und Kommentare in der Schweiz, diese <a class=\"decorated-link\" href=\"https:\/\/www.cigar.ch\/?utm_source=chatgpt.com\" target=\"_new\" rel=\"noopener\" data-start=\"6001\" data-end=\"6046\">Schweizer Zigarrenmagazin<\/a> ist eine n\u00fctzliche Referenz.<\/p>","protected":false},"excerpt":{"rendered":"<p>La Primera Robusto ist das Kernformat von Culebra: eine Kiste mit 20 handgefertigten dominikanischen Zigarren mit einer cremigen Textur, ausgewogener Komplexit\u00e4t und einem weichen, milden bis mittleren Profil.<\/p>","protected":false},"featured_media":3072,"template":"","meta":{"_acf_changed":false,"content-type":"","_price":"420","_stock":"107","_tribe_ticket_header":"","_tribe_default_ticket_provider":"","_tribe_ticket_capacity":"","_ticket_start_date":"","_ticket_end_date":"","_tribe_ticket_show_description":"","_tribe_ticket_show_not_going":false,"_tribe_ticket_use_global_stock":"","_tribe_ticket_global_stock_level":"","_global_stock_mode":"","_global_stock_cap":"","_tribe_rsvp_for_event":"","_tribe_ticket_going_count":"","_tribe_ticket_not_going_count":"","_tribe_tickets_list":"[]","_tribe_ticket_has_attendee_info_fields":false},"product_brand":[44],"product_cat":[35],"product_tag":[191,192,189,190,187,188],"class_list":{"0":"post-2217","1":"product","2":"type-product","3":"status-publish","4":"has-post-thumbnail","6":"product_brand-la-primera","7":"product_cat-robusto","8":"product_tag-box-of-20-cigars","9":"product_tag-culebra-cigars","10":"product_tag-dominican-cigars","11":"product_tag-handmade-cigars","12":"product_tag-la-primera-robusto","13":"product_tag-robusto-cigars","15":"first","16":"instock","17":"shipping-taxable","18":"purchasable","19":"product-type-simple"},"acf":[],"_links":{"self":[{"href":"https:\/\/culebracigars.ch\/de\/wp-json\/wp\/v2\/product\/2217","targetHints":{"allow":["GET"]}}],"collection":[{"href":"https:\/\/culebracigars.ch\/de\/wp-json\/wp\/v2\/product"}],"about":[{"href":"https:\/\/culebracigars.ch\/de\/wp-json\/wp\/v2\/types\/product"}],"version-history":[{"count":0,"href":"https:\/\/culebracigars.ch\/de\/wp-json\/wp\/v2\/product\/2217\/revisions"}],"wp:featuredmedia":[{"embeddable":true,"href":"https:\/\/culebracigars.ch\/de\/wp-json\/wp\/v2\/media\/3072"}],"wp:attachment":[{"href":"https:\/\/culebracigars.ch\/de\/wp-json\/wp\/v2\/media?parent=2217"}],"wp:term":[{"taxonomy":"product_brand","embeddable":true,"href":"https:\/\/culebracigars.ch\/de\/wp-json\/wp\/v2\/product_brand?post=2217"},{"taxonomy":"product_cat","embeddable":true,"href":"https:\/\/culebracigars.ch\/de\/wp-json\/wp\/v2\/product_cat?post=2217"},{"taxonomy":"product_tag","embeddable":true,"href":"https:\/\/culebracigars.ch\/de\/wp-json\/wp\/v2\/product_tag?post=2217"}],"curies":[{"name":"wp","href":"https:\/\/api.w.org\/{rel}","templated":true}]}}