{"id":4413,"date":"2026-03-03T10:08:10","date_gmt":"2026-03-03T09:08:10","guid":{"rendered":"https:\/\/culebracigars.ch\/?post_type=product&#038;p=4413"},"modified":"2026-03-10T21:39:12","modified_gmt":"2026-03-10T20:39:12","slug":"la-coleccion-culebra","status":"publish","type":"product","link":"https:\/\/culebracigars.ch\/de\/shop\/la-coleccion-culebra\/","title":{"rendered":"La Colecci\u00f3n Culebra"},"content":{"rendered":"<h2 data-section-id=\"c536y6\" data-start=\"806\" data-end=\"859\">La Colecci\u00f3n Culebra: 15 handgemachte dominikanische Zigarren<\/h2>\n<p data-start=\"861\" data-end=\"1075\"><strong data-start=\"861\" data-end=\"885\">La Colecci\u00f3n Culebra<\/strong> fasst das gesamte La Primera-Sortiment in einem kuratierten Set zusammen. Es umfasst <strong data-start=\"960\" data-end=\"992\">15 handgefertigte dominikanische Zigarren<\/strong>: <strong data-start=\"994\" data-end=\"1031\">5 Robustos, 5 Toros und 5 Coronas<\/strong>, die jeweils in einer eigenen Pappschachtel pr\u00e4sentiert werden.<\/p>\n<p data-start=\"1077\" data-end=\"1330\">F\u00fcr alle, die verstehen wollen, wie sich ein und dieselbe Mischung in verschiedenen Gl\u00e4sern verh\u00e4lt, <strong data-start=\"1165\" data-end=\"1189\">La Colecci\u00f3n Culebra<\/strong> ist der ideale Ort f\u00fcr den Einstieg. Es bietet eine praktische und unterhaltsame M\u00f6glichkeit, Format, Rauchrhythmus und Geschmacksentwicklung Seite an Seite zu vergleichen.<\/p>\n<p data-start=\"1332\" data-end=\"1551\">Dieses Set eignet sich besonders gut f\u00fcr Neulinge, die eine klare Einf\u00fchrung in die Linie w\u00fcnschen, aber es ist ebenso interessant f\u00fcr erfahrene Raucher, die gerne erkunden, wie sich dieselbe Mischung von einem Format zum anderen ver\u00e4ndert.<\/p>\n<h2 data-section-id=\"u9dhlk\" data-start=\"1553\" data-end=\"1596\">Was ist in La Colecci\u00f3n Culebra inbegriffen?<\/h2>\n<p data-start=\"1598\" data-end=\"1632\"><strong data-start=\"1598\" data-end=\"1622\">La Colecci\u00f3n Culebra<\/strong> umfasst:<\/p>\n<ul data-start=\"1634\" data-end=\"1713\">\n<li data-section-id=\"r7dycx\" data-start=\"1634\" data-end=\"1661\">\n<p data-start=\"1636\" data-end=\"1661\"><strong data-start=\"1636\" data-end=\"1661\">5 La Primera Robustos<\/strong><\/p>\n<\/li>\n<li data-section-id=\"t7wh5h\" data-start=\"1662\" data-end=\"1686\">\n<p data-start=\"1664\" data-end=\"1686\"><strong data-start=\"1664\" data-end=\"1686\">5 La Primera Toros<\/strong><\/p>\n<\/li>\n<li data-section-id=\"1di16jx\" data-start=\"1687\" data-end=\"1713\">\n<p data-start=\"1689\" data-end=\"1713\"><strong data-start=\"1689\" data-end=\"1713\">5 La Primera Coronas<\/strong><\/p>\n<\/li>\n<\/ul>\n<p data-start=\"1715\" data-end=\"1799\">Alle Zigarren werden in der Dominikanischen Republik handgefertigt und verwenden dieselbe Mischungsgrundlage:<\/p>\n<ul data-start=\"1801\" data-end=\"1915\">\n<li data-section-id=\"1969ni7\" data-start=\"1801\" data-end=\"1835\">\n<p data-start=\"1803\" data-end=\"1835\"><strong data-start=\"1803\" data-end=\"1815\">Deckblatt:<\/strong> Ecuador Connecticut<\/p>\n<\/li>\n<li data-section-id=\"1us9dyu\" data-start=\"1836\" data-end=\"1873\">\n<p data-start=\"1838\" data-end=\"1873\"><strong data-start=\"1838\" data-end=\"1849\">Umblatt:<\/strong> Indonesien und Nicaragua<\/p>\n<\/li>\n<li data-section-id=\"1kl7jdt\" data-start=\"1874\" data-end=\"1915\">\n<p data-start=\"1876\" data-end=\"1915\"><strong data-start=\"1876\" data-end=\"1887\">Einlage:<\/strong> Dominikanische Republik und Peru<\/p>\n<\/li>\n<\/ul>\n<p data-start=\"1917\" data-end=\"2120\">Diese gemeinsame Mischungsidentit\u00e4t macht das Set besonders interessant. Sie vergleichen hier nicht drei v\u00f6llig unterschiedliche Zigarren. Sie erkunden, wie sich eine Mischung durch drei verschiedene Formate ausdr\u00fcckt.<\/p>\n<h2 data-section-id=\"1w52kgo\" data-start=\"2122\" data-end=\"2149\">Warum dieses Set Sinn macht<\/h2>\n<p data-start=\"2151\" data-end=\"2260\">Ein Zigarrenset sollte mehr sein als eine einfache Zusammenstellung von Produkten. Es sollte dem Raucher helfen, etwas zu entdecken.<\/p>\n<p data-start=\"2262\" data-end=\"2520\">Das ist genau das, was <strong data-start=\"2283\" data-end=\"2307\">La Colecci\u00f3n Culebra<\/strong> gebaut ist. Anstatt sich f\u00fcr ein Format ohne Vergleich zu entscheiden, gibt Ihnen diese Kollektion die M\u00f6glichkeit, die gesamte Palette zu rauchen und herauszufinden, was Ihrem Geschmack, Ihrem Rauchtempo und Ihrer bevorzugten Einstellung am besten entspricht.<\/p>\n<p data-start=\"2522\" data-end=\"2797\">Manche Raucher bevorzugen die ausgewogene Zweckm\u00e4\u00dfigkeit einer Robusto. Andere genie\u00dfen das l\u00e4ngere, ger\u00e4umigere Gef\u00fchl einer Toro. Und manche sch\u00e4tzen den schlankeren, konzentrierteren Ausdruck einer Corona. <strong data-start=\"2707\" data-end=\"2731\">La Colecci\u00f3n Culebra<\/strong> k\u00f6nnen Sie alle drei Bereiche auf strukturierte und bequeme Weise erleben.<\/p>\n<h2 data-section-id=\"1jiatpi\" data-start=\"2799\" data-end=\"2833\">F\u00fcr wen ist La Colecci\u00f3n Culebra gedacht?<\/h2>\n<p data-start=\"2835\" data-end=\"2906\"><strong data-start=\"2835\" data-end=\"2859\">La Colecci\u00f3n Culebra<\/strong> eignet sich besonders gut f\u00fcr Raucher, die rauchen wollen:<\/p>\n<ul data-start=\"2908\" data-end=\"3153\">\n<li data-section-id=\"18076rk\" data-start=\"2908\" data-end=\"2957\">\n<p data-start=\"2910\" data-end=\"2957\">eine vollst\u00e4ndige Einf\u00fchrung in die La Primera-Reihe<\/p>\n<\/li>\n<li data-section-id=\"3hm4as\" data-start=\"2958\" data-end=\"3019\">\n<p data-start=\"2960\" data-end=\"3019\">eine praktische M\u00f6glichkeit, die Formate Robusto, Toro und Corona zu vergleichen<\/p>\n<\/li>\n<li data-section-id=\"1havr9t\" data-start=\"3020\" data-end=\"3093\">\n<p data-start=\"3022\" data-end=\"3093\">ein handgefertigtes dominikanisches Zigarrenset mit ausgewogenem und zug\u00e4nglichem Charakter<\/p>\n<\/li>\n<li data-section-id=\"gdigkt\" data-start=\"3094\" data-end=\"3153\">\n<p data-start=\"3096\" data-end=\"3153\">eine hochwertige Zigarrenkollektion, die sich auch gut als Geschenk eignet<\/p>\n<\/li>\n<\/ul>\n<p data-start=\"3155\" data-end=\"3488\">Da die Mischung selbst mild bis mittelstark ist und auf Ausgewogenheit ausgerichtet ist, ist dieses Set sowohl f\u00fcr neue Raucher als auch f\u00fcr erfahrene Aficionados geeignet. Es ist zug\u00e4nglich genug f\u00fcr jemanden, der seine erste Premium-Zigarrenauswahl zusammenstellt, und bietet dennoch genug Abwechslung, um das Erlebnis f\u00fcr erfahrene Raucher interessant zu halten.<\/p>\n<h2 data-section-id=\"4vhusf\" data-start=\"3490\" data-end=\"3529\">Eine gute M\u00f6glichkeit, die gesamte Bandbreite zu erkunden<\/h2>\n<p data-start=\"3531\" data-end=\"3593\">Der wichtigste Wert von <strong data-start=\"3549\" data-end=\"3573\">La Colecci\u00f3n Culebra<\/strong> liegt im Vergleich.<\/p>\n<p data-start=\"3595\" data-end=\"3830\">Jedes Format enth\u00e4lt die gleiche Mischung, aber jedes pr\u00e4sentiert sie in einem etwas anderen Rhythmus. Die Robusto f\u00fchlt sich kompakt und ausgewogen an. Die Toro gibt der Mischung mehr Raum zur Entfaltung. Die Corona bringt einen schlankeren und konzentrierteren Ausdruck.<\/p>\n<p data-start=\"3832\" data-end=\"3974\">Das macht das Set besonders n\u00fctzlich, wenn Sie herausfinden wollen, welches Format am besten zu Ihnen passt, bevor Sie eine gr\u00f6\u00dfere Menge einer bestimmten Zigarre kaufen.<\/p>\n<p data-start=\"3976\" data-end=\"4317\">Wenn Sie die einzelnen Formate genauer kennenlernen m\u00f6chten, k\u00f6nnen Sie sich die einzelnen Produktseiten f\u00fcr die <a class=\"decorated-link cursor-pointer\" href=\"https:\/\/culebracigars.ch\/de\/la-primera-robusto-5er-pack\/\" target=\"_new\" rel=\"noopener\" data-start=\"4077\" data-end=\"4157\">La Primera Robusto 5er Pack<\/a>, <a class=\"decorated-link cursor-pointer\" href=\"https:\/\/culebracigars.ch\/de\/la-primera-toro-5er-pack\/\" target=\"_new\" rel=\"noopener\" data-start=\"4159\" data-end=\"4233\">La Primera Toro 5er-Pack<\/a> und <a class=\"decorated-link cursor-pointer\" href=\"https:\/\/culebracigars.ch\/de\/la-primera-corona-5er-pack\/\" target=\"_new\" rel=\"noopener\" data-start=\"4238\" data-end=\"4316\">La Primera Corona 5er-Pack<\/a>.<\/p>\n<h2 data-section-id=\"hgr966\" data-start=\"4319\" data-end=\"4349\">Die Geschichte von La Primera<\/h2>\n<p data-start=\"4351\" data-end=\"4661\">Der Name <strong data-start=\"4360\" data-end=\"4374\">La Primera<\/strong> spiegelt den Beginn der Reise von Culebra wider. Es ist die erste Mischung der Marke und das Ergebnis jahrelanger Erforschung dessen, was eine Zigarre im Laufe der Zeit genie\u00dfbar macht. Anstatt nur nach St\u00e4rke zu streben, konzentriert sich die Mischung auf Ausgewogenheit, Textur und Aromen, die von Anfang bis Ende angenehm bleiben.<\/p>\n<p data-start=\"4663\" data-end=\"4831\">Culebra selbst wurde im Jahr 2025, dem chinesischen Jahr der Schlange, gegr\u00fcndet. Der Name bedeutet \u201cSchlange\u201d auf Spanisch, und diese Identit\u00e4t zieht sich visuell und konzeptionell durch die Marke.<\/p>\n<p data-start=\"4833\" data-end=\"4938\">Wenn Sie mehr \u00fcber die Marke erfahren m\u00f6chten, besuchen Sie unsere <a class=\"decorated-link\" href=\"https:\/\/culebracigars.ch\/de\/uber-uns\/?utm_source=chatgpt.com\" target=\"_new\" rel=\"noopener\" data-start=\"4886\" data-end=\"4932\">\u00dcber Uns<\/a> Seite.<\/p>\n<h2 data-section-id=\"bs8a36\" data-start=\"4940\" data-end=\"4964\">Lagerung und Vergn\u00fcgen<\/h2>\n<p data-start=\"4966\" data-end=\"5220\">Denn <strong data-start=\"4974\" data-end=\"4998\">La Colecci\u00f3n Culebra<\/strong> umfasst 15 Zigarren in drei Kartons und ist ein praktisches Format, um das Sortiment nach und nach zu entdecken und nicht alles auf einmal. Die richtige Lagerung hilft, die Zigarren in gutem Zustand zu halten, w\u00e4hrend Sie sich durch das Set arbeiten.<\/p>\n<p data-start=\"5222\" data-end=\"5564\">Wenn Sie neu in der Zigarrenpflege sind, lesen Sie unseren Leitfaden \u00fcber <a class=\"decorated-link cursor-pointer\" href=\"https:\/\/culebracigars.ch\/de\/zigarrenlagerung\/\" target=\"_new\" rel=\"noopener\" data-start=\"5270\" data-end=\"5326\">Zigarrenlagerung<\/a>. Und wenn Sie die Grundlagen der Zubereitung noch lernen m\u00fcssen, finden Sie in unseren Leitf\u00e4den \u00fcber <a class=\"decorated-link\" href=\"https:\/\/culebracigars.ch\/de\/wie-man-eine-zigarre-anschneidet\/\" target=\"_new\" rel=\"noopener\" data-start=\"5399\" data-end=\"5465\">wie man eine Zigarre anschneidet<\/a> und <a class=\"decorated-link\" href=\"https:\/\/culebracigars.ch\/de\/wie-man-eine-zigarre-anzundet\/\" target=\"_new\" rel=\"noopener\" data-start=\"5470\" data-end=\"5540\">wie man eine Zigarre anz\u00fcndet<\/a> sind ein n\u00fctzlicher n\u00e4chster Schritt.<\/p>\n<h2 data-section-id=\"1c3pg3w\" data-start=\"5566\" data-end=\"5600\">Warum La Colecci\u00f3n Culebra w\u00e4hlen?<\/h2>\n<p data-start=\"5602\" data-end=\"5861\">Ein gutes kuratiertes Set sollte sich koh\u00e4rent und n\u00fctzlich anf\u00fchlen und es lohnt sich, darauf zur\u00fcckzukommen. Das ist die St\u00e4rke von <strong data-start=\"5698\" data-end=\"5722\">La Colecci\u00f3n Culebra<\/strong>. Sie bietet Ihnen das gesamte La Primera-Erlebnis in einer Kollektion und macht es einfach, das Sortiment zu vergleichen, ohne die Auswahl zu kompliziert zu machen.<\/p>\n<p data-start=\"5863\" data-end=\"6067\">Dieses Set ist eine gute Wahl, wenn Sie die gesamte Linie entdecken wollen, jemandem eine aufmerksame Einf\u00fchrung in Premium-Zigarren geben oder eine praktische Sammlung genie\u00dfen m\u00f6chten, die alle drei Kernformate von Culebra abdeckt.<\/p>\n<p data-start=\"6069\" data-end=\"6199\">F\u00fcr eine breitere Zigarrenkultur und Kommentare in der Schweiz, diese <a class=\"decorated-link\" href=\"https:\/\/www.cigar.ch\/?utm_source=chatgpt.com\" target=\"_new\" rel=\"noopener\" data-start=\"6131\" data-end=\"6176\">Schweizer Zigarrenmagazin<\/a> ist eine n\u00fctzliche Referenz.<\/p>","protected":false},"excerpt":{"rendered":"<div class=\"saves\">\n<div style=\"color: #cb9730; margin-bottom: 20px;\"><strong>Sparen Sie CHF 119.00<\/strong><\/div>\n<div style=\"margin-bottom: 20px;\">La Colecci\u00f3n Culebra vereint 15 handgemachte dominikanische Zigarren in allen drei Formaten: Robusto, Toro und Corona. Die Colecci\u00f3n Culebra ist der ideale Weg, um das gesamte La Primera-Sortiment zu entdecken.<\/div>\n<\/div>","protected":false},"featured_media":4415,"template":"","meta":{"_acf_changed":false,"content-type":"","_price":"199","_stock":"","_tribe_ticket_header":"","_tribe_default_ticket_provider":"","_tribe_ticket_capacity":"","_ticket_start_date":"","_ticket_end_date":"","_tribe_ticket_show_description":"","_tribe_ticket_show_not_going":false,"_tribe_ticket_use_global_stock":"","_tribe_ticket_global_stock_level":"","_global_stock_mode":"","_global_stock_cap":"","_tribe_rsvp_for_event":"","_tribe_ticket_going_count":"","_tribe_ticket_not_going_count":"","_tribe_tickets_list":"[]","_tribe_ticket_has_attendee_info_fields":false},"product_brand":[44],"product_cat":[60],"product_tag":[205,203,206,192,204,190,202,194],"class_list":{"0":"post-4413","1":"product","2":"type-product","3":"status-publish","4":"has-post-thumbnail","6":"product_brand-la-primera","7":"product_cat-bundle","8":"product_tag-cigar-bundle","9":"product_tag-cigar-gift-set","10":"product_tag-cigar-sampler","11":"product_tag-culebra-cigars","12":"product_tag-dominican-cigar-sampler","13":"product_tag-handmade-cigars","14":"product_tag-la-coleccion-culebra","15":"product_tag-premium-cigars","17":"first","18":"instock","19":"shipping-taxable","20":"purchasable","21":"product-type-simple"},"acf":[],"_links":{"self":[{"href":"https:\/\/culebracigars.ch\/de\/wp-json\/wp\/v2\/product\/4413","targetHints":{"allow":["GET"]}}],"collection":[{"href":"https:\/\/culebracigars.ch\/de\/wp-json\/wp\/v2\/product"}],"about":[{"href":"https:\/\/culebracigars.ch\/de\/wp-json\/wp\/v2\/types\/product"}],"version-history":[{"count":0,"href":"https:\/\/culebracigars.ch\/de\/wp-json\/wp\/v2\/product\/4413\/revisions"}],"wp:featuredmedia":[{"embeddable":true,"href":"https:\/\/culebracigars.ch\/de\/wp-json\/wp\/v2\/media\/4415"}],"wp:attachment":[{"href":"https:\/\/culebracigars.ch\/de\/wp-json\/wp\/v2\/media?parent=4413"}],"wp:term":[{"taxonomy":"product_brand","embeddable":true,"href":"https:\/\/culebracigars.ch\/de\/wp-json\/wp\/v2\/product_brand?post=4413"},{"taxonomy":"product_cat","embeddable":true,"href":"https:\/\/culebracigars.ch\/de\/wp-json\/wp\/v2\/product_cat?post=4413"},{"taxonomy":"product_tag","embeddable":true,"href":"https:\/\/culebracigars.ch\/de\/wp-json\/wp\/v2\/product_tag?post=4413"}],"curies":[{"name":"wp","href":"https:\/\/api.w.org\/{rel}","templated":true}]}}